{"id":7739,"date":"2023-04-09T14:20:41","date_gmt":"2023-04-09T12:20:41","guid":{"rendered":"https:\/\/ducr.cz\/?page_id=7739"},"modified":"2025-05-29T10:20:32","modified_gmt":"2025-05-29T08:20:32","slug":"contacts","status":"publish","type":"page","link":"https:\/\/du.gov.cz\/en\/contacts\/","title":{"rendered":"Contacts"},"content":{"rendered":"<div id=\"pl-7739\"  class=\"panel-layout\" ><div id=\"pg-7739-0\"  class=\"panel-grid panel-no-style\" ><div id=\"pgc-7739-0-0\"  class=\"panel-grid-cell\" ><div id=\"panel-7739-0-0-0\" class=\"so-panel widget widget_ducr-contacttable panel-first-child\" data-index=\"0\" ><div\n\t\t\t\n\t\t\tclass=\"so-widget-ducr-contacttable so-widget-ducr-contacttable-base\"\n\t\t\t\n\t\t>    <h2 id=\"sowtit-headquarters\">Headquarters<\/h2>    <div class=\"ducr__contacttable\" role=\"list\">\n                        <div class=\"ducr__contacttable-image-section\">\n                    <a class=\"ducr__contacttable-image gov-modal__trigger\"\n                                                    aria-label=\"Zobrazit mod\u00e1ln\u00ed okno\"\n                            data-id=\"modal-185509866\"\n                                            >\n                        <img decoding=\"async\" width=\"150\" height=\"140\" src=\"https:\/\/du.gov.cz\/wp-content\/uploads\/2025\/02\/budova-mala-150x140.jpg\" class=\"attachment-thumbnail size-thumbnail\" alt=\"\" \/>                    <\/a>\n                <\/div>\n                <div id=\"modal-185509866\" class=\"gov-modal\"\n     aria-hidden=\"true\" tabindex=\"-1\" aria-labelledby=\"modal-title\" aria-describedby=\"modal-description\" role=\"dialog\">\n    <div class=\"gov-modal__content \">\n        <div class=\"gov-modal__header\">\n            <h2 id=\"modal-title\">\n                Preview            <\/h2>\n        <\/div>\n        <div class=\"gov-modal__content-inner ducr__organization-item-modal-content\">\n                <img decoding=\"async\" width=\"1200\" height=\"900\" src=\"https:\/\/du.gov.cz\/wp-content\/uploads\/2025\/02\/budova.jpg\" class=\"attachment-full size-full\" alt=\"\" srcset=\"https:\/\/du.gov.cz\/wp-content\/uploads\/2025\/02\/budova.jpg 1200w, https:\/\/du.gov.cz\/wp-content\/uploads\/2025\/02\/budova-300x225.jpg 300w, https:\/\/du.gov.cz\/wp-content\/uploads\/2025\/02\/budova-1024x768.jpg 1024w, https:\/\/du.gov.cz\/wp-content\/uploads\/2025\/02\/budova-768x576.jpg 768w, https:\/\/du.gov.cz\/wp-content\/uploads\/2025\/02\/budova-690x518.jpg 690w\" sizes=\"(max-width: 1200px) 100vw, 1200px\" \/><p><\/p>        <\/div>\n            <button class=\"gov-button gov-button--secondary gov-modal__close\" aria-labelledby=\"modal-close\">\n              <span\n                  id=\"modal-close-185509866\"\n                  class=\"u-sr-only gov-button__label\">\n                        Close modal window                <\/span>\n            <\/button>\n        <\/div>\n    <div class=\"gov-modal__backdrop\"><\/div>\n<\/div>            \n            <div class=\"ducr__contacttable-table-section\">\n                <h3 class=\"ducr__contacttable-table-caption\">Railway Authority<\/h3>                    <div class=\"ducr__responsive-table\">\n                        <table class=\"ducr__table\">\n                                                            <tr>\n                                    <th>ADDRESS<\/th>\n                                    <td>B\u011blehradsk\u00e1 222\/128, 120 00 Praha 2<\/td>\n                                <\/tr>\n                                                            <tr>\n                                    <th>TELEPHONE NUMBER<\/th>\n                                    <td><a href=\"tel:+420226523368\">+420 226 523 368<\/a> <a class=\"copy__clipboard gov-link gov-link--standalone\" aria-label=\"Zkop\u00edrovat do schr\u00e1nky\"\n            title=\"Zkop\u00edrovat do schr\u00e1nky\" \n            onclick=\"navigator.clipboard.writeText('+420 226 523 368')\">&#x29c9;<\/a><\/td>\n                                <\/tr>\n                                                            <tr>\n                                    <th>E-MAIL<\/th>\n                                    <td><a href=\"mailto:podatelna@du.gov.cz\">podatelna@du.gov.cz<\/a> <a class=\"copy__clipboard gov-link gov-link--standalone\" aria-label=\"Zkop\u00edrovat do schr\u00e1nky\"\n            title=\"Zkop\u00edrovat do schr\u00e1nky\" \n            onclick=\"navigator.clipboard.writeText('podatelna@du.gov.cz')\">&#x29c9;<\/a><\/td>\n                                <\/tr>\n                                                    <\/table>\n                    <\/div>\n                \n                            <\/div>\n    <\/div><\/div><\/div><div id=\"panel-7739-0-0-1\" class=\"so-panel widget widget_ducr-blockquoteinfo\" data-index=\"1\" ><div\n\t\t\t\n\t\t\tclass=\"so-widget-ducr-blockquoteinfo so-widget-ducr-blockquoteinfo-base\"\n\t\t\t\n\t\t><blockquote class=\"gov-blockquote\">\n    <p><span class=\"HwtZe\" lang=\"en\"><span class=\"jCAhz ChMk0b\"><span class=\"ryNqvb\">The office has changed its headquarters since February 2025. It is now located in Prague 2 at B\u011blehradsk\u00e1 Street No. 222\/128.<\/span><\/span> <span class=\"jCAhz ChMk0b\"><span class=\"ryNqvb\">The nearest metro station is I.P.<\/span><\/span> <span class=\"jCAhz\"><span class=\"ryNqvb\">Pavlova.<\/span><\/span> <span class=\"jCAhz ChMk0b\"><span class=\"ryNqvb\">Trams No. 11 and 13 stop directly in front of the building. Other offices are located in Olomouc and Pilsen.<\/span><\/span><\/span><\/p>\n<\/blockquote><\/div><\/div><div id=\"panel-7739-0-0-2\" class=\"so-panel widget widget_ducr-separator\" data-index=\"2\" ><div\n\t\t\t\n\t\t\tclass=\"so-widget-ducr-separator so-widget-ducr-separator-base\"\n\t\t\t\n\t\t><hr class=\"gov-content-block__separator\" ><\/div><\/div><div id=\"panel-7739-0-0-3\" class=\"so-panel widget widget_ducr-textandbutton panel-last-child\" data-index=\"3\" ><div\n\t\t\t\n\t\t\tclass=\"so-widget-ducr-textandbutton so-widget-ducr-textandbutton-base\"\n\t\t\t\n\t\t><div class=\"ducr__text-and-button\">\n        <div class=\"ducr__text-and-button-text \">\n        <p><span class=\"HwtZe\" lang=\"en\"><span class=\"jCAhz ChMk0b\"><span class=\"ryNqvb\">Contacts for individual departments or specific persons can be found in our complete telephone directory.<\/span><\/span><\/span><\/p>\n    <\/div>\n    \n        <div class=\"ducr__text-and-button-links\">\n               <a class=\"ducr__text-and-button-link gov-button gov-button--primary-outlined\"\n           href=\"\"\n            target=\"_blank\"             >\n            TELEPHONE DIRECTORY (PDF)                   <\/a>\n        <\/div>\n    <\/div><\/div><\/div><\/div><\/div><div id=\"pg-7739-1\"  class=\"panel-grid panel-no-style\" ><div id=\"pgc-7739-1-0\"  class=\"panel-grid-cell\" ><div id=\"panel-7739-1-0-0\" class=\"so-panel widget widget_ducr-tab panel-first-child panel-last-child\" data-index=\"4\" ><div\n\t\t\t\n\t\t\tclass=\"so-widget-ducr-tab so-widget-ducr-tab-base\"\n\t\t\t\n\t\t>    <h2 id=\"sowtit-offices-of-individual-workplaces\">Offices of individual workplaces<\/h2>    <div class=\"gov-tabs gov-js-tabs\">\n\n        <div class=\"gov-tabs__links-holder\" role=\"tablist\" aria-label=\"Offices of individual workplaces\">\n                            <button id=\"link-1-0\" class=\"gov-tabs__link is-active\"\n                        aria-selected=\"true\" role=\"tab\"\n                        aria-controls=\"link-1-0-tab\" tabindex=\"0\">\n                    WORKPLACE PRAHA                <\/button>\n                            <button id=\"link-1-1\" class=\"gov-tabs__link \"\n                        aria-selected=\"true\" role=\"tab\"\n                        aria-controls=\"link-1-1-tab\" tabindex=\"0\">\n                    WORKPLACE PLZE\u0147                <\/button>\n                            <button id=\"link-1-2\" class=\"gov-tabs__link \"\n                        aria-selected=\"true\" role=\"tab\"\n                        aria-controls=\"link-1-2-tab\" tabindex=\"0\">\n                    WORKPLACE OLOMOUC                <\/button>\n                    <\/div>\n        <div class=\"gov-tabs__content-holder\">\n                            <div id=\"link-1-0-tab\" class=\"gov-tabs__content is-active\" role=\"tabpanel\"\n                     aria-labelledby=\"link-1-0\">\n                    <div id=\"pl-w7739\"  class=\"panel-layout\" ><div id=\"pg-w7739-0\"  class=\"panel-grid panel-no-style\" ><div id=\"pgc-w7739-0-0\"  class=\"panel-grid-cell\" ><div id=\"panel-w7739-0-0-0\" class=\"so-panel widget widget_ducr-contacttable panel-first-child\" data-index=\"0\" ><div class=\"panel-widget-style panel-widget-style-for-w7739-0-0-0\" ><div\n\t\t\t\n\t\t\tclass=\"so-widget-ducr-contacttable so-widget-ducr-contacttable-base\"\n\t\t\t\n\t\t>        <div class=\"ducr__contacttable\" role=\"list\">\n        \n            <div class=\"ducr__contacttable-table-section\">\n                <h3 class=\"ducr__contacttable-table-caption\">Contact<\/h3>                    <div class=\"ducr__responsive-table\">\n                        <table class=\"ducr__table\">\n                                                            <tr>\n                                    <th>ADDRESS<\/th>\n                                    <td>B\u011blehradsk\u00e1 222\/128, 120 00 Praha 2<\/td>\n                                <\/tr>\n                                                            <tr>\n                                    <th>TELEPHONE NUMBER<\/th>\n                                    <td><a href=\"tel:+420226523368\">+420 226 523 368<\/a> <a class=\"copy__clipboard gov-link gov-link--standalone\" aria-label=\"Zkop\u00edrovat do schr\u00e1nky\"\n            title=\"Zkop\u00edrovat do schr\u00e1nky\" \n            onclick=\"navigator.clipboard.writeText('+420 226 523 368')\">&#x29c9;<\/a><\/td>\n                                <\/tr>\n                                                    <\/table>\n                    <\/div>\n                \n                            <\/div>\n    <\/div><\/div><\/div><\/div><div id=\"panel-w7739-0-0-1\" class=\"so-panel widget widget_ducr-contacttable\" data-index=\"1\" ><div class=\"panel-widget-style panel-widget-style-for-w7739-0-0-1\" ><div\n\t\t\t\n\t\t\tclass=\"so-widget-ducr-contacttable so-widget-ducr-contacttable-base\"\n\t\t\t\n\t\t>        <div class=\"ducr__contacttable\" role=\"list\">\n        \n            <div class=\"ducr__contacttable-table-section\">\n                <h3 class=\"ducr__contacttable-table-caption\">Office hours<\/h3>                    <div class=\"ducr__responsive-table\">\n                        <table class=\"ducr__table\">\n                                                            <tr>\n                                    <th>MONDAY \u2013 THURSDAY<\/th>\n                                    <td>7.30 \u2013 16.00<\/td>\n                                <\/tr>\n                                                            <tr>\n                                    <th>FRIDAY<\/th>\n                                    <td>7.30 \u2013 13.30<\/td>\n                                <\/tr>\n                                                    <\/table>\n                    <\/div>\n                \n                            <\/div>\n    <\/div><\/div><\/div><\/div><div id=\"panel-w7739-0-0-2\" class=\"so-panel widget widget_ducr-blockquoteinfo panel-last-child\" data-index=\"2\" ><div class=\"panel-widget-style panel-widget-style-for-w7739-0-0-2\" ><div\n\t\t\t\n\t\t\tclass=\"so-widget-ducr-blockquoteinfo so-widget-ducr-blockquoteinfo-base\"\n\t\t\t\n\t\t><blockquote class=\"gov-blockquote\">\n    <p><span class=\"HwtZe\" lang=\"en\"><span class=\"jCAhz ChMk0b\"><span class=\"ryNqvb\">You can now pay fees for administrative actions using a QR code, which we will generate for you directly on the spot with a specific transaction number.<\/span><\/span><\/span><\/p>\n<\/blockquote><\/div><\/div><\/div><\/div><\/div><\/div>                <\/div>\n                            <div id=\"link-1-1-tab\" class=\"gov-tabs__content \" role=\"tabpanel\"\n                     aria-labelledby=\"link-1-1\">\n                    <div id=\"pl-w7739\"  class=\"panel-layout\" ><div id=\"pg-w7739-0\"  class=\"panel-grid panel-no-style\" ><div id=\"pgc-w7739-0-0\"  class=\"panel-grid-cell\" ><div id=\"panel-w7739-0-0-0\" class=\"so-panel widget widget_ducr-contacttable panel-first-child\" data-index=\"0\" ><div class=\"panel-widget-style panel-widget-style-for-w7739-0-0-0\" ><div\n\t\t\t\n\t\t\tclass=\"so-widget-ducr-contacttable so-widget-ducr-contacttable-base\"\n\t\t\t\n\t\t>        <div class=\"ducr__contacttable\" role=\"list\">\n        \n            <div class=\"ducr__contacttable-table-section\">\n                <h3 class=\"ducr__contacttable-table-caption\">Contact<\/h3>                    <div class=\"ducr__responsive-table\">\n                        <table class=\"ducr__table\">\n                                                            <tr>\n                                    <th>ADDRESS<\/th>\n                                    <td>\u0160kroupova 11, 301 36 Plze\u0148<\/td>\n                                <\/tr>\n                                                            <tr>\n                                    <th>TELEPHONE NUMBER<\/th>\n                                    <td><a href=\"tel:+420972524098\">+420 972 524 098<\/a> <a class=\"copy__clipboard gov-link gov-link--standalone\" aria-label=\"Zkop\u00edrovat do schr\u00e1nky\"\n            title=\"Zkop\u00edrovat do schr\u00e1nky\" \n            onclick=\"navigator.clipboard.writeText('+420 972 524 098')\">&#x29c9;<\/a><\/td>\n                                <\/tr>\n                                                    <\/table>\n                    <\/div>\n                \n                            <\/div>\n    <\/div><\/div><\/div><\/div><div id=\"panel-w7739-0-0-1\" class=\"so-panel widget widget_ducr-blockquoteinfo\" data-index=\"1\" ><div class=\"panel-widget-style panel-widget-style-for-w7739-0-0-1\" ><div\n\t\t\t\n\t\t\tclass=\"so-widget-ducr-blockquoteinfo so-widget-ducr-blockquoteinfo-base\"\n\t\t\t\n\t\t><blockquote class=\"gov-blockquote\">\n    <p><span class=\"HwtZe\" lang=\"en\"><span class=\"jCAhz ChMk0b\"><span class=\"ryNqvb\">You can dial the lines of the office only after connecting to the voice machine - 110, 111<\/span><\/span><\/span><\/p>\n<\/blockquote><\/div><\/div><\/div><div id=\"panel-w7739-0-0-2\" class=\"so-panel widget widget_ducr-contacttable panel-last-child\" data-index=\"2\" ><div class=\"panel-widget-style panel-widget-style-for-w7739-0-0-2\" ><div\n\t\t\t\n\t\t\tclass=\"so-widget-ducr-contacttable so-widget-ducr-contacttable-base\"\n\t\t\t\n\t\t>        <div class=\"ducr__contacttable\" role=\"list\">\n        \n            <div class=\"ducr__contacttable-table-section\">\n                <h3 class=\"ducr__contacttable-table-caption\">Office hours<\/h3>                    <div class=\"ducr__responsive-table\">\n                        <table class=\"ducr__table\">\n                                                            <tr>\n                                    <th>MONDAY \u2013 FRIDAY<\/th>\n                                    <td>7.00 \u2013 15.30<\/td>\n                                <\/tr>\n                                                    <\/table>\n                    <\/div>\n                \n                            <\/div>\n    <\/div><\/div><\/div><\/div><\/div><\/div><\/div>                <\/div>\n                            <div id=\"link-1-2-tab\" class=\"gov-tabs__content \" role=\"tabpanel\"\n                     aria-labelledby=\"link-1-2\">\n                    <div id=\"pl-w7739\"  class=\"panel-layout\" ><div id=\"pg-w7739-0\"  class=\"panel-grid panel-no-style\" ><div id=\"pgc-w7739-0-0\"  class=\"panel-grid-cell\" ><div id=\"panel-w7739-0-0-0\" class=\"so-panel widget widget_ducr-contacttable panel-first-child\" data-index=\"0\" ><div class=\"panel-widget-style panel-widget-style-for-w7739-0-0-0\" ><div\n\t\t\t\n\t\t\tclass=\"so-widget-ducr-contacttable so-widget-ducr-contacttable-base\"\n\t\t\t\n\t\t>        <div class=\"ducr__contacttable\" role=\"list\">\n        \n            <div class=\"ducr__contacttable-table-section\">\n                <h3 class=\"ducr__contacttable-table-caption\">Contact<\/h3>                    <div class=\"ducr__responsive-table\">\n                        <table class=\"ducr__table\">\n                                                            <tr>\n                                    <th>ADDRESS<\/th>\n                                    <td>Nerudova 1, 779 00 Olomouc<\/td>\n                                <\/tr>\n                                                            <tr>\n                                    <th>TELEPHONE NUMBER<\/th>\n                                    <td><a href=\"tel:+420972741315\">+420 972 741 315<\/a> <a class=\"copy__clipboard gov-link gov-link--standalone\" aria-label=\"Zkop\u00edrovat do schr\u00e1nky\"\n            title=\"Zkop\u00edrovat do schr\u00e1nky\" \n            onclick=\"navigator.clipboard.writeText('+420 972 741 315')\">&#x29c9;<\/a><\/td>\n                                <\/tr>\n                                                    <\/table>\n                    <\/div>\n                \n                            <\/div>\n    <\/div><\/div><\/div><\/div><div id=\"panel-w7739-0-0-1\" class=\"so-panel widget widget_ducr-blockquoteinfo\" data-index=\"1\" ><div class=\"panel-widget-style panel-widget-style-for-w7739-0-0-1\" ><div\n\t\t\t\n\t\t\tclass=\"so-widget-ducr-blockquoteinfo so-widget-ducr-blockquoteinfo-base\"\n\t\t\t\n\t\t><blockquote class=\"gov-blockquote\">\n    <p><span class=\"HwtZe\" lang=\"en\"><span class=\"jCAhz ChMk0b\"><span class=\"ryNqvb\">You can dial the lines of the office only after connecting to the voice machine - 110, 111<\/span><\/span><\/span><\/p>\n<\/blockquote><\/div><\/div><\/div><div id=\"panel-w7739-0-0-2\" class=\"so-panel widget widget_ducr-contacttable panel-last-child\" data-index=\"2\" ><div class=\"panel-widget-style panel-widget-style-for-w7739-0-0-2\" ><div\n\t\t\t\n\t\t\tclass=\"so-widget-ducr-contacttable so-widget-ducr-contacttable-base\"\n\t\t\t\n\t\t>        <div class=\"ducr__contacttable\" role=\"list\">\n        \n            <div class=\"ducr__contacttable-table-section\">\n                <h3 class=\"ducr__contacttable-table-caption\">Office hours<\/h3>                    <div class=\"ducr__responsive-table\">\n                        <table class=\"ducr__table\">\n                                                            <tr>\n                                    <th>MONDAY \u2013 FRIDAY<\/th>\n                                    <td>6.00 \u2013 14.30<\/td>\n                                <\/tr>\n                                                    <\/table>\n                    <\/div>\n                \n                            <\/div>\n    <\/div><\/div><\/div><\/div><\/div><\/div><\/div>                <\/div>\n                    <\/div>\n    <\/div><\/div><\/div><\/div><\/div><div id=\"pg-7739-2\"  class=\"panel-grid panel-no-style\" ><div id=\"pgc-7739-2-0\"  class=\"panel-grid-cell\" ><div id=\"panel-7739-2-0-0\" class=\"so-panel widget widget_ducr-contacttable panel-first-child panel-last-child\" data-index=\"5\" ><div\n\t\t\t\n\t\t\tclass=\"so-widget-ducr-contacttable so-widget-ducr-contacttable-base\"\n\t\t\t\n\t\t>    <h2 id=\"sowtit-electronic-office\">Electronic office<\/h2>    <div class=\"ducr__contacttable\" role=\"list\">\n        \n            <div class=\"ducr__contacttable-table-section\">\n                <h3 class=\"ducr__contacttable-table-caption\">Databox identifier<\/h3>                    <div class=\"ducr__responsive-table\">\n                        <table class=\"ducr__table\">\n                                                            <tr>\n                                    <th>E-MAIL<\/th>\n                                    <td><a href=\"mailto:podatelna@du.gov.cz\">podatelna@du.gov.cz<\/a> <a class=\"copy__clipboard gov-link gov-link--standalone\" aria-label=\"Zkop\u00edrovat do schr\u00e1nky\"\n            title=\"Zkop\u00edrovat do schr\u00e1nky\" \n            onclick=\"navigator.clipboard.writeText('podatelna@du.gov.cz')\">&#x29c9;<\/a><\/td>\n                                <\/tr>\n                                                            <tr>\n                                    <th>DATABOX ID<\/th>\n                                    <td>5mjaatd <a class=\"copy__clipboard gov-link gov-link--standalone\" aria-label=\"Zkop\u00edrovat do schr\u00e1nky\"\n            title=\"Zkop\u00edrovat do schr\u00e1nky\" \n            onclick=\"navigator.clipboard.writeText('5mjaatd')\">&#x29c9;<\/a><\/td>\n                                <\/tr>\n                                                            <tr>\n                                    <th>TYPE OF THE DATABOX<\/th>\n                                    <td>Org\u00e1n ve\u0159ejn\u00e9 moci (OVM)<\/td>\n                                <\/tr>\n                                                            <tr>\n                                    <th>I\u010cO - ID NUMBER<\/th>\n                                    <td>61379425<\/td>\n                                <\/tr>\n                                                    <\/table>\n                    <\/div>\n                \n                            <\/div>\n    <\/div><\/div><\/div><\/div><\/div><\/div>","protected":false},"excerpt":{"rendered":"<p>Headquarters Preview Close modal window Railway Authority ADDRESS B\u011blehradsk\u00e1 222\/128, 120 00 Praha 2 TELEPHONE NUMBER +420 226 523 368 &#x29c9; E-MAIL podatelna@du.gov.cz &#x29c9; The office has changed its headquarters since February 2025. It is now located in Prague 2 at B\u011blehradsk\u00e1 Street No. 222\/128. The nearest metro station is I.P. Pavlova. Trams No. 11 [&hellip;]<\/p>\n","protected":false},"author":5,"featured_media":0,"parent":0,"menu_order":19,"comment_status":"closed","ping_status":"closed","template":"page-article-content.php","meta":{"footnotes":""},"class_list":["post-7739","page","type-page","status-publish","hentry"],"publishpress_future_workflow_manual_trigger":{"enabledWorkflows":[]},"_links":{"self":[{"href":"https:\/\/du.gov.cz\/en\/wp-json\/wp\/v2\/pages\/7739","targetHints":{"allow":["GET"]}}],"collection":[{"href":"https:\/\/du.gov.cz\/en\/wp-json\/wp\/v2\/pages"}],"about":[{"href":"https:\/\/du.gov.cz\/en\/wp-json\/wp\/v2\/types\/page"}],"author":[{"embeddable":true,"href":"https:\/\/du.gov.cz\/en\/wp-json\/wp\/v2\/users\/5"}],"replies":[{"embeddable":true,"href":"https:\/\/du.gov.cz\/en\/wp-json\/wp\/v2\/comments?post=7739"}],"version-history":[{"count":12,"href":"https:\/\/du.gov.cz\/en\/wp-json\/wp\/v2\/pages\/7739\/revisions"}],"predecessor-version":[{"id":9657,"href":"https:\/\/du.gov.cz\/en\/wp-json\/wp\/v2\/pages\/7739\/revisions\/9657"}],"wp:attachment":[{"href":"https:\/\/du.gov.cz\/en\/wp-json\/wp\/v2\/media?parent=7739"}],"curies":[{"name":"wp","href":"https:\/\/api.w.org\/{rel}","templated":true}]}}