{"id":7503,"date":"2023-06-13T00:51:42","date_gmt":"2023-06-12T22:51:42","guid":{"rendered":"https:\/\/ducr.cz\/?page_id=7503"},"modified":"2024-08-29T12:48:43","modified_gmt":"2024-08-29T10:48:43","slug":"cooperation-with-neighbouring-countries","status":"publish","type":"page","link":"https:\/\/du.gov.cz\/en\/topics\/interoperability\/cooperation-with-neighbouring-countries\/","title":{"rendered":"Cooperation with neighbouring countries"},"content":{"rendered":"<div id=\"pl-7503\"  class=\"panel-layout\" ><div id=\"pg-7503-0\"  class=\"panel-grid panel-no-style\" ><div id=\"pgc-7503-0-0\"  class=\"panel-grid-cell\" ><div id=\"panel-7503-0-0-0\" class=\"so-panel widget widget_ducr-titleandtext panel-first-child panel-last-child\" data-index=\"0\" ><div\n\t\t\t\n\t\t\tclass=\"so-widget-ducr-titleandtext so-widget-ducr-titleandtext-base\"\n\t\t\t\n\t\t><h2 id=\"sowtit-cooperation-agreements-with-national-safety-authorities-nsas-of-neighbouring-countries\">Cooperation agreements with national safety authorities (NSAs) of neighbouring countries<\/h2><div class=\"ducr__text\"><p>The establishment of cooperation agreements with the national safety authorities of neighbouring countries stems from the directives of the European Parliament and the Council on railway safety and interoperability of the railway system in the EU following the introduction of the 4th railway package.<\/p>\n<p>These framework cooperation agreements will facilitate the movement of railway vehicles by railway undertakings when entering the border areas of neighbouring countries without the need for individual arrangements.<\/p>\n<p>If a railway undertaking has been issued with a single safety certificate for one of the states of a contracting party or is currently applying for one, it must also apply for an extension of its area of operation to the border sections listed in the agreement. Although the application for extension is made in the standard way via the One-Stop Shop portal, the authorisation is dealt with only by national rail authorities according to the terms of the signed agreements. Single safety certificates issued before the agreement came into force apply in accordance with the conditions at the time of their issue and any application for extension will only serve as their supplement.<\/p>\n<p>This simplification applies by analogy to the authorisation of railway vehicles which enter the listed border sections.<\/p>\n<p>Based on the agreements, neighbouring countries also plan joint supervision activities and cooperate in the exchange of information on safety and traffic.<\/p>\n<\/div><\/div><\/div><\/div><\/div><div id=\"pg-7503-1\"  class=\"panel-grid panel-no-style\" ><div id=\"pgc-7503-1-0\"  class=\"panel-grid-cell\" ><div id=\"panel-7503-1-0-0\" class=\"so-panel widget widget_ducr-titleandtext panel-first-child\" data-index=\"1\" ><div\n\t\t\t\n\t\t\tclass=\"so-widget-ducr-titleandtext so-widget-ducr-titleandtext-base\"\n\t\t\t\n\t\t><h2 id=\"sowtit-cooperation-agreements-to-download\">Cooperation agreements to download<\/h2><\/div><\/div><div id=\"panel-7503-1-0-1\" class=\"so-panel widget widget_ducr-method-instructions panel-last-child\" data-index=\"2\" ><div\n\t\t\t\n\t\t\tclass=\"so-widget-ducr-method-instructions so-widget-ducr-method-instructions-base\"\n\t\t\t\n\t\t><div class=\"ducr__table-sortable ducr__table-sortable-method-instruction\">\n    <div class=\"gov-table-cover\">\n    <table class=\"gov-table gov-sortable-table gov-js-sortable-table gov-table--mobile-block\">\n        <thead>\n        <tr>\n                            <th\n                                >\n                                            <span\n                                class=\"gov-sortable-table__trigger\"\n                                role=\"button\"\n                                tabindex=\"0\">\n                        Title                            <\/span>\n                    \n                <\/th>\n                            <th\n                                >\n                                            <span\n                                class=\"gov-sortable-table__trigger\"\n                                role=\"button\"\n                                tabindex=\"0\">\n                        Category                            <\/span>\n                    \n                <\/th>\n                            <th\n                                >\n                                            Documents                    \n                <\/th>\n                    <\/tr>\n        <\/thead>\n        <tbody class=\"gov-table__body\">\n\n                        <tr>\n                                <td data-title=\"Title\"\n                                        >\n                    Cooperation agreement between the Polish Rail Authority Urz\u0119d Transportu Kolejowego (UTK PL) and the Czech Rail Authority dated 2023                <\/td>\n                                <td data-title=\"Category\"\n                                        >\n                    Agreements                <\/td>\n                                <td data-title=\"Documents\"\n                     class=\"u-nowrap\"                     >\n                    1 <a class=\"gov-link gov-modal__trigger\"\n                 aria-label=\"Show modal window\"\n                 data-id=\"modal-mit-row-01192635222\"\n            >(show)<\/a>                <\/td>\n                            <\/tr>\n                        <tr>\n                                <td data-title=\"Title\"\n                                        >\n                    Cooperation agreement between the Slovak Rail Authority Dopravn\u00fd \u00farad (D\u00da SK) and the Czech Rail Authority dated 2021                <\/td>\n                                <td data-title=\"Category\"\n                                        >\n                    Agreements                <\/td>\n                                <td data-title=\"Documents\"\n                     class=\"u-nowrap\"                     >\n                    2 <a class=\"gov-link gov-modal__trigger\"\n                 aria-label=\"Show modal window\"\n                 data-id=\"modal-mit-row-1478447448\"\n            >(show)<\/a>                <\/td>\n                            <\/tr>\n                    <\/tbody>\n    <\/table>\n<\/div><div id=\"modal-mit-row-01192635222\" class=\"gov-modal\"\n     aria-hidden=\"true\" tabindex=\"-1\" aria-labelledby=\"modal-title\" aria-describedby=\"modal-description\" role=\"dialog\">\n    <div class=\"gov-modal__content \">\n        <div class=\"gov-modal__header\">\n            <h2 id=\"modal-title\">\n                Document list            <\/h2>\n        <\/div>\n        <div class=\"gov-modal__content-inner ducr__organization-item-modal-content\">\n                <div class=\"gov-table-cover\">\n    <table class=\"gov-table gov-sortable-table gov-js-sortable-table gov-table--mobile-block\">\n        <thead>\n        <tr>\n                            <th\n                                >\n                                            Document title                    \n                <\/th>\n                            <th\n                                >\n                                            Download                    \n                <\/th>\n                    <\/tr>\n        <\/thead>\n        <tbody class=\"gov-table__body\">\n\n                        <tr>\n                                <td data-title=\"Document title\"\n                                        >\n                    Cooperation agreement DU-UTK                <\/td>\n                                <td data-title=\"Download\"\n                     class=\"u-nowrap\"                     >\n                    <a href=\" https:\/\/du.gov.cz\/wp-content\/uploads\/2023\/08\/Dohoda-o-spolupraci-DU-UTK-2023.pdf \" \n                class=\"gov-link gov-link--small\" \n                download>Download<\/a>                <\/td>\n                            <\/tr>\n                    <\/tbody>\n    <\/table>\n<\/div>        <\/div>\n            <button class=\"gov-button gov-button--secondary gov-modal__close\" aria-labelledby=\"modal-close\">\n              <span\n                  id=\"modal-close-mit-row-01192635222\"\n                  class=\"u-sr-only gov-button__label\">\n                        Close modal window                <\/span>\n            <\/button>\n        <\/div>\n    <div class=\"gov-modal__backdrop\"><\/div>\n<\/div><div id=\"modal-mit-row-1478447448\" class=\"gov-modal\"\n     aria-hidden=\"true\" tabindex=\"-1\" aria-labelledby=\"modal-title\" aria-describedby=\"modal-description\" role=\"dialog\">\n    <div class=\"gov-modal__content \">\n        <div class=\"gov-modal__header\">\n            <h2 id=\"modal-title\">\n                Document list            <\/h2>\n        <\/div>\n        <div class=\"gov-modal__content-inner ducr__organization-item-modal-content\">\n                <div class=\"gov-table-cover\">\n    <table class=\"gov-table gov-sortable-table gov-js-sortable-table gov-table--mobile-block\">\n        <thead>\n        <tr>\n                            <th\n                                >\n                                            Document title                    \n                <\/th>\n                            <th\n                                >\n                                            Download                    \n                <\/th>\n                    <\/tr>\n        <\/thead>\n        <tbody class=\"gov-table__body\">\n\n                        <tr>\n                                <td data-title=\"Document title\"\n                                        >\n                    Cooperation agreement between D\u00da SK and DU CZ                <\/td>\n                                <td data-title=\"Download\"\n                     class=\"u-nowrap\"                     >\n                    <a href=\" https:\/\/du.gov.cz\/wp-content\/uploads\/2023\/06\/Dohoda-o-spolupraci_Drazni-urad_ucinna.pdf \" \n                class=\"gov-link gov-link--small\" \n                download>Download<\/a>                <\/td>\n                            <\/tr>\n                        <tr>\n                                <td data-title=\"Document title\"\n                                        >\n                    Dodatek \u010d. 1 k Dohod\u011b o spolupr\u00e1ci mezi Dopravn\u00fdm \u00faradom a Dr\u00e1\u017en\u00edm \u00fa\u0159adem                <\/td>\n                                <td data-title=\"Download\"\n                     class=\"u-nowrap\"                     >\n                    <a href=\" https:\/\/du.gov.cz\/wp-content\/uploads\/2023\/06\/Dohoda-o-spolupraci_Dodatok-c.-1_Drazni-urad_ucinny.pdf \" \n                class=\"gov-link gov-link--small\" \n                download>Download<\/a>                <\/td>\n                            <\/tr>\n                    <\/tbody>\n    <\/table>\n<\/div>        <\/div>\n            <button class=\"gov-button gov-button--secondary gov-modal__close\" aria-labelledby=\"modal-close\">\n              <span\n                  id=\"modal-close-mit-row-1478447448\"\n                  class=\"u-sr-only gov-button__label\">\n                        Close modal window                <\/span>\n            <\/button>\n        <\/div>\n    <div class=\"gov-modal__backdrop\"><\/div>\n<\/div><\/div><\/div><\/div><\/div><\/div><\/div>","protected":false},"excerpt":{"rendered":"<p>Cooperation agreements with national safety authorities (NSAs) of neighbouring countriesThe establishment of cooperation agreements with the national safety authorities of neighbouring countries stems from the directives of the European Parliament and the Council on railway safety and interoperability of the railway system in the EU following the introduction of the 4th railway package. These framework [&hellip;]<\/p>\n","protected":false},"author":5,"featured_media":0,"parent":7622,"menu_order":0,"comment_status":"closed","ping_status":"closed","template":"page-article-content.php","meta":{"footnotes":""},"class_list":["post-7503","page","type-page","status-publish","hentry"],"publishpress_future_workflow_manual_trigger":{"enabledWorkflows":[]},"_links":{"self":[{"href":"https:\/\/du.gov.cz\/en\/wp-json\/wp\/v2\/pages\/7503","targetHints":{"allow":["GET"]}}],"collection":[{"href":"https:\/\/du.gov.cz\/en\/wp-json\/wp\/v2\/pages"}],"about":[{"href":"https:\/\/du.gov.cz\/en\/wp-json\/wp\/v2\/types\/page"}],"author":[{"embeddable":true,"href":"https:\/\/du.gov.cz\/en\/wp-json\/wp\/v2\/users\/5"}],"replies":[{"embeddable":true,"href":"https:\/\/du.gov.cz\/en\/wp-json\/wp\/v2\/comments?post=7503"}],"version-history":[{"count":7,"href":"https:\/\/du.gov.cz\/en\/wp-json\/wp\/v2\/pages\/7503\/revisions"}],"predecessor-version":[{"id":8005,"href":"https:\/\/du.gov.cz\/en\/wp-json\/wp\/v2\/pages\/7503\/revisions\/8005"}],"up":[{"embeddable":true,"href":"https:\/\/du.gov.cz\/en\/wp-json\/wp\/v2\/pages\/7622"}],"wp:attachment":[{"href":"https:\/\/du.gov.cz\/en\/wp-json\/wp\/v2\/media?parent=7503"}],"curies":[{"name":"wp","href":"https:\/\/api.w.org\/{rel}","templated":true}]}}